{"id":6743,"date":"2026-01-28T20:08:05","date_gmt":"2026-01-28T20:08:05","guid":{"rendered":"https:\/\/coteplage.es\/?post_type=product&#038;p=6743"},"modified":"2026-01-28T20:08:07","modified_gmt":"2026-01-28T20:08:07","slug":"bolso-brillante","status":"publish","type":"product","link":"https:\/\/coteplage.es\/fr\/bolso-brillante\/","title":{"rendered":"Bolso Brillante"},"content":{"rendered":"<p>Sac d\u00e9licatement scintillant, orn\u00e9 de strass et touches paillettes, \u00e9l\u00e9gant et lumineux.<\/p>","protected":false},"excerpt":{"rendered":"<p>Sac scintillant avec strass et paillettes.<\/p>","protected":false},"featured_media":0,"comment_status":"open","ping_status":"closed","template":"","meta":[],"product_brand":[],"product_cat":[94],"product_tag":[],"class_list":{"0":"post-6743","1":"product","2":"type-product","3":"status-publish","5":"product_cat-bolsos","7":"first","8":"instock","9":"shipping-taxable","10":"purchasable","11":"product-type-variable"},"_links":{"self":[{"href":"https:\/\/coteplage.es\/fr\/wp-json\/wp\/v2\/product\/6743","targetHints":{"allow":["GET"]}}],"collection":[{"href":"https:\/\/coteplage.es\/fr\/wp-json\/wp\/v2\/product"}],"about":[{"href":"https:\/\/coteplage.es\/fr\/wp-json\/wp\/v2\/types\/product"}],"replies":[{"embeddable":true,"href":"https:\/\/coteplage.es\/fr\/wp-json\/wp\/v2\/comments?post=6743"}],"wp:attachment":[{"href":"https:\/\/coteplage.es\/fr\/wp-json\/wp\/v2\/media?parent=6743"}],"wp:term":[{"taxonomy":"product_brand","embeddable":true,"href":"https:\/\/coteplage.es\/fr\/wp-json\/wp\/v2\/product_brand?post=6743"},{"taxonomy":"product_cat","embeddable":true,"href":"https:\/\/coteplage.es\/fr\/wp-json\/wp\/v2\/product_cat?post=6743"},{"taxonomy":"product_tag","embeddable":true,"href":"https:\/\/coteplage.es\/fr\/wp-json\/wp\/v2\/product_tag?post=6743"}],"curies":[{"name":"wp","href":"https:\/\/api.w.org\/{rel}","templated":true}]}}