{"id":6802,"date":"2026-01-28T20:08:11","date_gmt":"2026-01-28T20:08:11","guid":{"rendered":"https:\/\/coteplage.es\/pareo\/"},"modified":"2026-01-28T20:08:11","modified_gmt":"2026-01-28T20:08:11","slug":"pareo","status":"publish","type":"product","link":"https:\/\/coteplage.es\/en\/pareo\/","title":{"rendered":"Pareo"},"content":{"rendered":"<p>Par\u00e9o l\u00e9ger et chic, avec d\u00e9tails brillants et franges \u00e9l\u00e9gantes. 115 cm x 185 cm.<\/p>","protected":false},"excerpt":{"rendered":"<p>Par\u00e9o 80% soie \/ 20% polyester (115\u00d7185 cm).<\/p>","protected":false},"featured_media":6884,"comment_status":"open","ping_status":"closed","template":"","meta":[],"product_brand":[],"product_cat":[115],"product_tag":[],"class_list":{"0":"post-6802","1":"product","2":"type-product","3":"status-publish","4":"has-post-thumbnail","6":"product_cat-playa","8":"first","9":"instock","10":"shipping-taxable","11":"purchasable","12":"product-type-simple"},"_links":{"self":[{"href":"https:\/\/coteplage.es\/en\/wp-json\/wp\/v2\/product\/6802","targetHints":{"allow":["GET"]}}],"collection":[{"href":"https:\/\/coteplage.es\/en\/wp-json\/wp\/v2\/product"}],"about":[{"href":"https:\/\/coteplage.es\/en\/wp-json\/wp\/v2\/types\/product"}],"replies":[{"embeddable":true,"href":"https:\/\/coteplage.es\/en\/wp-json\/wp\/v2\/comments?post=6802"}],"wp:featuredmedia":[{"embeddable":true,"href":"https:\/\/coteplage.es\/en\/wp-json\/wp\/v2\/media\/6884"}],"wp:attachment":[{"href":"https:\/\/coteplage.es\/en\/wp-json\/wp\/v2\/media?parent=6802"}],"wp:term":[{"taxonomy":"product_brand","embeddable":true,"href":"https:\/\/coteplage.es\/en\/wp-json\/wp\/v2\/product_brand?post=6802"},{"taxonomy":"product_cat","embeddable":true,"href":"https:\/\/coteplage.es\/en\/wp-json\/wp\/v2\/product_cat?post=6802"},{"taxonomy":"product_tag","embeddable":true,"href":"https:\/\/coteplage.es\/en\/wp-json\/wp\/v2\/product_tag?post=6802"}],"curies":[{"name":"wp","href":"https:\/\/api.w.org\/{rel}","templated":true}]}}